{"id":3,"date":"2022-02-04T18:09:20","date_gmt":"2022-02-04T18:09:20","guid":{"rendered":"http:\/\/makingjusticework.org\/?page_id=3"},"modified":"2024-12-18T09:29:36","modified_gmt":"2024-12-18T16:29:36","slug":"politica-de-privacidad","status":"publish","type":"page","link":"https:\/\/makingjusticework.org\/es\/privacy-policy\/","title":{"rendered":"Pol\u00edtica de privacidad"},"content":{"rendered":"<h1>Pol\u00edtica de privacidad<\/h1>\r\n\r\n<p><strong>Fecha de entrada en vigor:<\/strong> 18 de diciembre de 2024<\/p>\r\n<p><strong>\u00daltima actualizaci\u00f3n:<\/strong> 18 de diciembre de 2024<\/p>\r\n\r\n<p><strong>Coalici\u00f3n por la Corte Penal Internacional c\/o Women's Initiatives for Gender Justice<\/strong> (\"nosotros\", \"nos\" o \"nuestro\") gestiona el sitio web <a href=\"https:\/\/coalitionfortheicc.org\">coalitionfortheicc.org<\/a> y su plataforma de afiliaci\u00f3n relacionada (el \"Servicio\"). Esta Pol\u00edtica de privacidad explica c\u00f3mo recopilamos, utilizamos, divulgamos y protegemos su informaci\u00f3n cuando utiliza nuestro Servicio, incluidos cursos, eventos, interacciones con la comunidad y otras funciones ofrecidas a trav\u00e9s de la plataforma.<\/p>\r\n\r\n<h2>Direcci\u00f3n<\/h2>\r\n<p>Regus, Parkstraat 83,<br>\r\nDen Haag 2514 JG,<br>\r\nPa\u00edses Bajos<\/p>\r\n<p><strong>Correo electr\u00f3nico de contacto:<\/strong> <a href=\"mailto:communications@coalitionfortheicc.org\">communications@coalitionfortheicc.org<\/a><\/p>\r\n\r\n<hr>\r\n\r\n<h2>1. Definiciones<\/h2>\r\n<ul>\r\n    <li><strong>Servicio:<\/strong> El sitio web <a href=\"https:\/\/coalitionfortheicc.org\">coalitionfortheicc.org<\/a> y todas las funciones asociadas de la plataforma.<\/li>\r\n    <li><strong>Datos personales:<\/strong> Informaci\u00f3n que identifica o puede utilizarse para identificar a una persona, como nombres, direcciones de correo electr\u00f3nico, n\u00fameros de tel\u00e9fono y direcciones IP.<\/li>\r\n    <li><strong>Datos de uso:<\/strong> Informaci\u00f3n sobre c\u00f3mo se accede al Servicio y c\u00f3mo se utiliza, incluida la direcci\u00f3n IP, el tipo de navegador, la informaci\u00f3n del dispositivo y los registros de actividad.<\/li>\r\n    <li><strong>Galletas:<\/strong> Peque\u00f1os archivos almacenados en su dispositivo para mejorar la experiencia del usuario, realizar un seguimiento de la actividad y personalizar el contenido.<\/li>\r\n    <li><strong>Responsable del tratamiento:<\/strong> Coalici\u00f3n por la Corte Penal Internacional c\/o Women's Initiatives for Gender Justice.<\/li>\r\n<\/ul>\r\n\r\n<h2>2. Informaci\u00f3n que recopilamos<\/h2>\r\n<ul>\r\n    <li><strong>Datos personales:<\/strong> Informaci\u00f3n que usted nos proporciona directamente, como su nombre, direcci\u00f3n de correo electr\u00f3nico, n\u00famero de tel\u00e9fono, informaci\u00f3n de pago y cualquier dato relacionado con los servicios ofrecidos.<\/li>\r\n    <li><strong>Datos de uso:<\/strong> Informaci\u00f3n recopilada autom\u00e1ticamente, como direcci\u00f3n IP, tipo de navegador, informaci\u00f3n del dispositivo y registros de actividad.<\/li>\r\n<\/ul>\r\n\r\n<h2>3. Base jur\u00eddica del tratamiento<\/h2>\r\n<p>Para residentes en el EEE:<\/p>\r\n<ul>\r\n    <li><strong>Necesidad contractual:<\/strong> Tratamiento necesario para la ejecuci\u00f3n de un contrato con usted.<\/li>\r\n    <li><strong>Consentimiento:<\/strong> Tratamiento basado en su consentimiento expl\u00edcito, en particular para comunicaciones de marketing.<\/li>\r\n    <li><strong>Intereses leg\u00edtimos:<\/strong> Tratamiento para fines como la mejora de los servicios, siempre que no anule sus derechos.<\/li>\r\n    <li><strong>Obligaciones legales:<\/strong> Tratamiento necesario para cumplir obligaciones legales.<\/li>\r\n<\/ul>\r\n<p>Para residentes fuera del EEE: Tambi\u00e9n cumplimos con las leyes de protecci\u00f3n de datos pertinentes en Estados Unidos y otras jurisdicciones cuando corresponda.<\/p>\r\n\r\n<h2>4. Uso de los datos<\/h2>\r\n<p>Utilizamos los datos recogidos para:<\/p>\r\n<ul>\r\n    <li>Proporcionar y mantener nuestro Servicio, incluido el acceso de los miembros y el contenido personalizado.<\/li>\r\n    <li>Mejorar la experiencia del usuario analizando el uso y las preferencias del Servicio.<\/li>\r\n    <li>Comunicarnos con usted, incluida la atenci\u00f3n al cliente y las notificaciones sobre actualizaciones del servicio.<\/li>\r\n    <li>Procese los pagos y gestione las suscripciones de forma segura.<\/li>\r\n    <li>Enviar material promocional y actualizaciones, cuando se haya dado el consentimiento.<\/li>\r\n    <li>Garantizar la seguridad y evitar el fraude.<\/li>\r\n    <li>Cumplir con las obligaciones legales y proteger nuestros derechos.<\/li>\r\n<\/ul>\r\n\r\n<h2>5. 5. Conservaci\u00f3n de datos<\/h2>\r\n<p>Conservamos los Datos Personales s\u00f3lo durante el tiempo necesario para los fines descritos en esta Pol\u00edtica de Privacidad o seg\u00fan lo exija la ley. Por lo general, los Datos de Uso se almacenan durante un periodo m\u00e1s breve y se utilizan para an\u00e1lisis internos, seguridad y mejoras del Servicio.<\/p>\r\n\r\n<h2>6. Transferencia de datos<\/h2>\r\n<p>Su informaci\u00f3n puede ser transferida a -y mantenida en- servidores ubicados fuera de su pa\u00eds, donde las leyes de protecci\u00f3n de datos pueden diferir. Al utilizar nuestro Servicio, usted consiente dichas transferencias con salvaguardias tales como:<\/p>\r\n<ul>\r\n    <li><strong>Cl\u00e1usulas contractuales tipo:<\/strong> Garantizar una protecci\u00f3n adecuada de las transferencias de datos entre la UE y terceros pa\u00edses.<\/li>\r\n    <li><strong>Marco del Escudo de la privacidad:<\/strong> En su caso, cumpliendo los marcos reconocidos.<\/li>\r\n<\/ul>\r\n\r\n<h2>7. Intercambio y divulgaci\u00f3n de datos<\/h2>\r\n<p>Podemos compartir sus datos con:<\/p>\r\n<ul>\r\n    <li><strong>Proveedores de servicios:<\/strong> Para tareas como procesamiento de pagos, env\u00edo de correo electr\u00f3nico y alojamiento.<\/li>\r\n    <li><strong>Cumplimiento legal:<\/strong> Para cumplir obligaciones legales o proteger nuestros derechos.<\/li>\r\n    <li><strong>Traspasos de empresas:<\/strong> Durante fusiones, ventas o adquisiciones.<\/li>\r\n    <li><strong>Afiliados y socios:<\/strong> Con su consentimiento o seg\u00fan sea necesario para el Servicio.<\/li>\r\n<\/ul>\r\n\r\n<h2>8. Su derecho a la intimidad<\/h2>\r\n<p><strong>Para residentes en el EEE:<\/strong><\/p>\r\n<ul>\r\n    <li>Acceda a sus datos personales.<\/li>\r\n    <li>Solicitar la correcci\u00f3n de datos inexactos.<\/li>\r\n    <li>Solicitar la supresi\u00f3n de sus datos personales.<\/li>\r\n    <li>Oponerse a que procesemos sus datos personales.<\/li>\r\n    <li>Solicitar la restricci\u00f3n del tratamiento.<\/li>\r\n    <li>Reciba sus datos en un formato estructurado (portabilidad de datos).<\/li>\r\n    <li>Retirar el consentimiento en cualquier momento.<\/li>\r\n<\/ul>\r\n<p>Para ejercer estos derechos, p\u00f3ngase en contacto con nosotros en <a href=\"mailto:communications@coalitionfortheicc.org\">communications@coalitionfortheicc.org<\/a>.<\/p>\r\n\r\n<h2>9. Seguridad<\/h2>\r\n<p>Utilizamos medidas t\u00e9cnicas y organizativas adecuadas para proteger sus datos. Sin embargo, ning\u00fan m\u00e9todo de transmisi\u00f3n por Internet o de almacenamiento electr\u00f3nico es 100% seguro.<\/p>\r\n\r\n<h2>10. \"Se\u00f1ales \"Do Not Track<\/h2>\r\n<p>Nuestro Servicio no responde a las se\u00f1ales \"Do Not Track\". Para m\u00e1s detalles, consulte nuestra Pol\u00edtica de Cookies.<\/p>\r\n\r\n<h2>11. Privacidad de los ni\u00f1os<\/h2>\r\n<p>Nuestro Servicio no est\u00e1 dirigido a personas menores de 18 a\u00f1os, y no recopilamos conscientemente datos personales de menores. Si tiene conocimiento de la existencia de tales datos, p\u00f3ngase en contacto con nosotros para su eliminaci\u00f3n.<\/p>\r\n\r\n<h2>12. Cambios en esta pol\u00edtica de privacidad<\/h2>\r\n<p>Podemos actualizar esta Pol\u00edtica de Privacidad peri\u00f3dicamente. Los cambios entrar\u00e1n en vigor en el momento de su publicaci\u00f3n. Los cambios significativos se comunicar\u00e1n por correo electr\u00f3nico o mediante un aviso en nuestro Servicio.<\/p>\r\n\r\n<h2>13. Contacto<\/h2>\r\n<p>Si tiene alguna pregunta sobre esta Pol\u00edtica de privacidad, p\u00f3ngase en contacto con nosotros:<\/p>\r\n<p>Correo electr\u00f3nico: <a href=\"mailto:communications@coalitionfortheicc.org\">communications@coalitionfortheicc.org<\/a><\/p>\r\n<p>Direcci\u00f3n:<br>\r\n<strong>Coalici\u00f3n por la Corte Penal Internacional c\/o Women's Initiatives for Gender Justice","protected":false},"excerpt":{"rendered":"<p>Pol\u00edtica de privacidad Fecha de entrada en vigor: 18 de diciembre de 2024 \u00daltima actualizaci\u00f3n: 18 de diciembre de 2024 Coalici\u00f3n por la Corte Penal Internacional c\/o Women's Initiatives for Gender Justice (\u201cnosotros,\u201d...<\/p>","protected":false},"author":1,"featured_media":0,"parent":0,"menu_order":0,"comment_status":"closed","ping_status":"open","template":"","meta":{"_acf_changed":false,"footnotes":""},"class_list":["post-3","page","type-page","status-publish","hentry"],"acf":[],"_links":{"self":[{"href":"https:\/\/makingjusticework.org\/es\/wp-json\/wp\/v2\/pages\/3","targetHints":{"allow":["GET"]}}],"collection":[{"href":"https:\/\/makingjusticework.org\/es\/wp-json\/wp\/v2\/pages"}],"about":[{"href":"https:\/\/makingjusticework.org\/es\/wp-json\/wp\/v2\/types\/page"}],"author":[{"embeddable":true,"href":"https:\/\/makingjusticework.org\/es\/wp-json\/wp\/v2\/users\/1"}],"replies":[{"embeddable":true,"href":"https:\/\/makingjusticework.org\/es\/wp-json\/wp\/v2\/comments?post=3"}],"version-history":[{"count":4,"href":"https:\/\/makingjusticework.org\/es\/wp-json\/wp\/v2\/pages\/3\/revisions"}],"predecessor-version":[{"id":969,"href":"https:\/\/makingjusticework.org\/es\/wp-json\/wp\/v2\/pages\/3\/revisions\/969"}],"wp:attachment":[{"href":"https:\/\/makingjusticework.org\/es\/wp-json\/wp\/v2\/media?parent=3"}],"curies":[{"name":"wp","href":"https:\/\/api.w.org\/{rel}","templated":true}]}}