{"id":25,"date":"2022-02-12T16:29:56","date_gmt":"2022-02-12T16:29:56","guid":{"rendered":""},"modified":"2024-11-21T17:27:59","modified_gmt":"2024-11-22T00:27:59","slug":"caisse","status":"publish","type":"page","link":"https:\/\/makingjusticework.org\/fr\/checkout\/","title":{"rendered":"Sortie de caisse"},"content":{"rendered":"<div class=\"mm-checkoutContainer\">\n                                        <script src=\"https:\/\/www.google.com\/recaptcha\/api.js?render=6LftB2sqAAAAAOlTqRXmqHYlU_SQGquaeF1PyrhJ\"><\/script>\n                                  <form id='mm_checkout_form' name='mm_checkout_form' action='https:\/\/makingjusticework.org\/wp-content\/plugins\/membermouse\/api\/processOrder.php' onsubmit=\"return mmjs.checkout(true);\" method='post' data-trp-original-action=\"https:\/\/makingjusticework.org\/wp-content\/plugins\/membermouse\/api\/processOrder.php\"><input type='hidden' id='mm_membership_level_id' name='mm_membership_level_id' value='3' \/><input type='hidden' id='mm_product_id' name='mm_product_id' value='0' \/><input type='hidden' id='mm_is_member' name='mm_is_member' value='0' \/><input type='hidden' id='mm_is_free' name='mm_is_free' value='1' \/><input type='hidden' id='mm_is_gift' name='mm_is_gift' value='0' \/><input type='hidden' id='mm_is_shippable' name='mm_is_shippable' value='0' \/><input type='hidden' id='mm_checkout_url' name='mm_checkout_url' value='https:\/\/makingjusticework.org\/fr\/wp-json\/wp\/v2\/pages\/25' \/><input type='hidden' id='mm_field_payment_service' name='mm_field_payment_service' \/><input type='hidden' id='mm_field_billing_equals_shipping' name='mm_field_billing_equals_shipping' value='1' \/><input type='hidden' id='mm_is_admin' value='0' \/><input type='hidden' id='mm_is_customer_support_order' name='mm_is_customer_support_order' value='0' \/><input type='hidden' id='mm_data_product_price' value='$0.00' \/><input type='hidden' id='mm_data_shipping_price' value='0' \/><input type='hidden' id='mm_data_discount' value='0' \/><input type='hidden' id='mm_do_comp' value='0' \/><input type='hidden' id='hasFormSubmitted' value='' \/><input type='hidden' id='mm_grsk' value='6LftB2sqAAAAAOlTqRXmqHYlU_SQGquaeF1PyrhJ' \/><input type='hidden' id='mm_grtok' name='mm_grtoken' value='' \/><input type='hidden' id='mm_graction' name='mm_graction' value='mmcheckout' \/>\r\n\r\n<div class=\"checkout-column column-product product-loading\">\r\n<div class=\"loading-cover\">\r\n<div class=\"loading-status\"><span class=\"loading-icon\"><img src=\"\/wp-content\/themes\/mdplatform\/images\/loading.svg\" \/><\/span>\r\n<span id=\"loading-text\" class=\"status-text\">Chargement...<\/span><\/div>\r\n<\/div>\r\n<div class=\"loading-content\"><img class=\"product-brand brand-fade-in\" src=\"\/wp-content\/themes\/mdplatform\/images\/memberdev-logo-white.png\" \/>\r\n<label class=\"label-block caps color-cta\"> Paiement s\u00e9curis\u00e9<\/label>\r\n<h2 class=\"product-title\"><span class=\"mm-data\">Adh\u00e9sion \u00e0 la CCPI<\/span>\n<\/h2>\r\n<p class=\"mm-productDesc\"><span class=\"mm-data\"><\/span>\n<\/p>\r\n\r\n<table class=\"table table-price\">\r\n<tbody>\r\n<tr>\r\n<th>Prix :<\/th>\r\n<td><span class=\"mm-data\">Gratuit<\/span>\n<\/td>\r\n<\/tr>\r\n<tr>\r\n<th>Remise :<\/th>\r\n<td><span class=\"mm-data\"><span id=\"mm_label_discount\"><\/span><\/span>\n<\/td>\r\n<\/tr>\r\n<tr>\r\n<th>Exp\u00e9dition :<\/th>\r\n<td><span class=\"mm-data\"><span id=\"mm_label_shipping_price\"><\/span><\/span>\n<\/td>\r\n<\/tr>\r\n<tr>\r\n<th>Total :<\/th>\r\n<td><span class=\"mm-data\"><span id=\"mm_label_total_price\"><\/span><\/span>\n<\/td>\r\n<\/tr>\r\n<\/tbody>\r\n<\/table>\r\n<div id=\"mm-discount-info-block-0\" style=\"display:none;\" class=\"mm-discount-true\"><\/div>\r\n\r\n<\/div>\r\n<\/div>\r\n<div class=\"checkout-column column-payment\"><div >\n\r\n<div id=\"mm-account-information-section\" class=\"mm-checkoutInfoBlock\">\r\n<h3>Informations sur le compte<\/h3>\r\n<p class=\"instructions\">Veuillez remplir les champs ci-dessous pour votre nouveau compte utilisateur. Votre adresse \u00e9lectronique et votre mot de passe seront utilis\u00e9s pour vous connecter \u00e0 votre compte.<\/p>\r\n\r\n<div class=\"row\">\r\n<div class=\"col-sm-6\">\r\n<div class=\"mm-formField\"><label>Pr\u00e9nom :<\/label>\r\n<input type='text' id='mm_field_first_name' name='mm_field_first_name' value='' class='mm-textField' placeholder=\"Pr\u00e9nom\" \/>\n<\/div>\r\n<\/div>\r\n<div class=\"col-sm-6\">\r\n<div class=\"mm-formField\"><label>Nom de famille :<\/label>\r\n<input type='text' id='mm_field_last_name' name='mm_field_last_name' value='' class='mm-textField' placeholder=\"Nom de famille\" \/>\n<\/div>\r\n<\/div>\r\n<\/div>\r\n<div class=\"row\">\r\n<div class=\"col-sm-6\">\r\n<div class=\"mm-formField\"><label>Courriel :<\/label>\r\n<input type='text' id='mm_field_email' name='mm_field_email' value='' class='mm-textField' placeholder=\"Adresse \u00e9lectronique\" \/>\n<\/div>\r\n<\/div>\r\n<div class=\"col-sm-6\">\r\n<div class=\"mm-formField\"><label>Mot de passe :<\/label>\r\n<input type='password' autocomplete='off' id='mm_field_password' name='mm_field_password' class='mm-textField'  placeholder=\"Cr\u00e9er un mot de passe\" \/>\n<\/div>\r\n<\/div>\r\n<\/div>\r\n<\/div>\r\n\r\n<\/div>\n\r\n\r\n<div id=\"organization-name-field\" class=\"mm-formField\"><label class=\"mandatory\">Nom de l'organisation<\/label>\r\n<input type=\"text\" id=\"mm_custom_field_3\" name=\"mm_custom_field_3\" class=\"mm-textField\" \/>\n<input type='hidden' id='mm_custom_field_3_type' value='input' \/>\n<input type='hidden' id='mm_custom_field_3_label' value='organization name' \/>\n<input type='hidden' id='mm_custom_field_3_required' value='1' \/>\n<\/div>\r\n\r\n<div class=\"mm-formField\"><label class=\"mandatory\">Type d'organisation<\/label><select id=\"member-organization-type-select\"><\/select><\/div>\r\n<div class=\"mm-formField hidden\"><input type=\"text\" id=\"mm_custom_field_2\" name=\"mm_custom_field_2\" class=\"mm-textField\" \/>\n<input type='hidden' id='mm_custom_field_2_type' value='input' \/>\n<input type='hidden' id='mm_custom_field_2_label' value='organization type' \/>\n<input type='hidden' id='mm_custom_field_2_required' value='1' \/>\n<\/div>\r\n\r\n<div class=\"mm-formField\"><label class=\"mandatory\">Pays<\/label><select id=\"member-country-select\"><\/select><\/div>\r\n<div class=\"mm-formField hidden\"><input type=\"text\" id=\"mm_custom_field_1\" name=\"mm_custom_field_1\" class=\"mm-textField\" \/>\n<input type='hidden' id='mm_custom_field_1_type' value='input' \/>\n<input type='hidden' id='mm_custom_field_1_label' value='country' \/>\n<input type='hidden' id='mm_custom_field_1_required' value='1' \/>\n<\/div>\r\n\r\n<div style=\"display:none;\">\n\r\n<div id=\"mm-billing-information-section\" class=\"mm-checkoutInfoBlock\">\r\n<h3>Informations sur la facturation<\/h3>\r\n<p class=\"mm-ccLogos\"><img src=\"\/wp-content\/themes\/mdplatform\/images\/credit-card-logos.png\" alt=\"Visa, Master Card, American Express, Discover\" \/><\/p>\r\n\r\n<div class=\"row\">\r\n<div class=\"col-sm-6\">\r\n<div class=\"mm-formField\"><label class=\"mandatory\">Num\u00e9ro de carte de cr\u00e9dit :<\/label>\r\n<div id='mm_field_cc_number_div' class='mm-stripe-elements-container'><\/div>\n<\/div>\r\n<\/div>\r\n<div class=\"col-sm-2\">\r\n<div class=\"mm-formField\"><label class=\"mandatory\">CVV :<\/label>\r\n<div id='mm_field_cc_cvv_div' class='mm-stripe-elements-container'><\/div>\n<\/div>\r\n<\/div>\r\n<div class=\"col-sm-4\">\r\n<div id=\"mm-checkout-expiration-date\" class=\"mm-checkout-expiration-date mm-formField\"><label class=\"mandatory\">Date d'expiration : <\/label>\r\n<div id='mm_field_cc_exp_div' class='mm-stripe-elements-container'><\/div>\n<\/div>\r\n<\/div>\r\n<\/div>\r\n\r\n<div class=\"mm-formField\">\r\n<label class=\"mandatory\">Adresse de facturation :<\/label>\r\n<div class=\"mm-formField\"><label>Pays :<\/label>\r\n<select id='mm_field_billing_country' name='mm_field_billing_country' onchange=\"mmjs.countryChangeHandler('billing');\" class=\"mm-selectList\" >\n<option value='US' selected>\u00c9tats-Unis<\/option>\n<\/select>\n<\/div>\r\n<input type='text' id='mm_field_billing_address' name='mm_field_billing_address' value='' class='mm-textField' placeholder=\"Adresse de facturation\" \/>\n\r\n\r\n<\/div>\r\n<div class=\"row\">\r\n<div class=\"col-sm-4\">\r\n<div class=\"mm-formField\"><label>Ville :<\/label>\r\n<input type='text' id='mm_field_billing_city' name='mm_field_billing_city' value='' class='mm-textField' placeholder=\"Ville\" \/>\n<\/div>\r\n<\/div>\r\n<div class=\"col-sm-4\">\r\n<div class=\"mm-formField\"><label>\u00c9tat :<\/label>\r\n<select id='mm_field_billing_state_dd' size='1' onchange=\"mmjs.stateChangeHandler('billing');\" class=\"mm-selectList billing_country_subdivisions\" placeholder=\"Billing State\">\n<option value=''>Veuillez s\u00e9lectionner votre pays<\/option><option value='AL'>Alabama<\/option>\n<option value='AK'>Alaska<\/option>\n<option value='AS'>Samoa am\u00e9ricaines<\/option>\n<option value='AZ'>Arizona<\/option>\n<option value='AR'>Arkansas<\/option>\n<option value='CA'>Californie<\/option>\n<option value='CO'>Colorado<\/option>\n<option value='CT'>Connecticut<\/option>\n<option value='DE'>Delaware<\/option>\n<option value='DC'>District de Columbia<\/option>\n<option value='FL'>Floride<\/option>\n<option value='GA'>G\u00e9orgie<\/option>\n<option value='GU'>Guam<\/option>\n<option value='HI'>Hawa\u00ef<\/option>\n<option value='ID'>Idaho<\/option>\n<option value='IL'>Illinois<\/option>\n<option value='IN'>Indiana<\/option>\n<option value='IA'>Iowa<\/option>\n<option value='KS'>Kansas<\/option>\n<option value='KY'>Kentucky<\/option>\n<option value='LA'>Louisiane<\/option>\n<option value='ME'>Maine<\/option>\n<option value='MD'>Maryland<\/option>\n<option value='MA'>Massachusetts<\/option>\n<option value='MI'>Michigan<\/option>\n<option value='MN'>Minnesota<\/option>\n<option value='MS'>Mississippi<\/option>\n<option value='MO'>Missouri<\/option>\n<option value='MT'>Montana<\/option>\n<option value='NE'>Nebraska<\/option>\n<option value='NV'>Nevada<\/option>\n<option value='NH'>New Hampshire<\/option>\n<option value='NJ'>New Jersey<\/option>\n<option value='NM'>Nouveau Mexique<\/option>\n<option value='NY'>New York (en anglais)<\/option>\n<option value='NC'>Caroline du Nord<\/option>\n<option value='ND'>Dakota du Nord<\/option>\n<option value='MP'>Mariannes du Nord (\u00celes)<\/option>\n<option value='OH'>Ohio<\/option>\n<option value='OK'>Oklahoma<\/option>\n<option value='OR'>Oregon<\/option>\n<option value='PA'>Pennsylvanie<\/option>\n<option value='PR'>Porto Rico<\/option>\n<option value='RI'>Rhode Island<\/option>\n<option value='SC'>Caroline du Sud<\/option>\n<option value='SD'>Dakota du Sud<\/option>\n<option value='TN'>Tennessee<\/option>\n<option value='TX'>Texas<\/option>\n<option value='UM'>\u00celes mineures \u00e9loign\u00e9es des \u00c9tats-Unis<\/option>\n<option value='UT'>Utah<\/option>\n<option value='VT'>Vermont<\/option>\n<option value='VI'>\u00celes Vierges<\/option>\n<option value='VA'>Virginie<\/option>\n<option value='WA'>Washington<\/option>\n<option value='WV'>Virginie occidentale<\/option>\n<option value='WI'>Wisconsin<\/option>\n<option value='WY'>Wyoming<\/option>\n<option value='-1'>Autres...<\/option>\n<\/select>\n<input type='text' id='mm_field_billing_state' name='mm_field_billing_state' value='' class='mm-textField' placeholder=\"\u00c9tat de facturation\" style='display:none;' \/>\n<\/div>\r\n<\/div>\r\n<div class=\"col-sm-4\">\r\n<div class=\"mm-formField\"><label>Zip :<\/label>\r\n<input type='text' id='mm_field_billing_zip' name='mm_field_billing_zip' value='' class='mm-textField' placeholder=\"Code postal\" \/>\n<\/div>\r\n<\/div>\r\n<\/div>\r\n<\/div>\r\n<\/div>\n\r\n\r\n<div style=\"display:none;\">\n\r\n<div id=\"mm-shipping-information-section\" class=\"mm-checkoutInfoBlock\">\r\n<h3>Exp\u00e9dition<\/h3>\r\n<div id=\"mm-shipping-method-block\" class=\"mm-formField\"><label>M\u00e9thode d'exp\u00e9dition :<\/label>\r\n<select id='mm_field_shipping_method' name='mm_field_shipping_method' onchange='mmjs.shippingMethodChangeHandler();' class=\"mm-selectList\" >\n<\/select>\n<\/div>\r\n<div class=\"mm-formField field-shipping-same\">Les frais de port sont les m\u00eames que ceux de la facturation.\r\n<input type='checkbox' id='mm_checkbox_billing_equals_shipping' checked onclick='mmjs.toggleShippingInfo();' class=\"mm-radioButton\"  \/>\n<\/div>\r\n<div id=\"mm-shipping-info-block\" style=\"display:none;\">\n\r\n<div>\r\n<div class=\"mm-formField\"><label>Adresse :<\/label>\r\n<input type='text' id='mm_field_shipping_address' name='mm_field_shipping_address' value='' class='mm-textField' placeholder=\"Adresse de livraison\" \/>\n<\/div>\r\n<div class=\"row\">\r\n<div class=\"col-sm-4\">\r\n<div class=\"mm-formField\"><label>Ville :<\/label>\r\n<input type='text' id='mm_field_shipping_city' name='mm_field_shipping_city' value='' class='mm-textField' placeholder=\"Ville d&#039;exp\u00e9dition\" \/>\n<\/div>\r\n<\/div>\r\n<div class=\"col-sm-4\">\r\n<div class=\"mm-formField\"><label>\u00c9tat :<\/label>\r\n<select id='mm_field_shipping_state_dd' size='1' onchange=\"mmjs.stateChangeHandler('shipping');\" class=\"mm-selectList shipping_country_subdivisions\" placeholder=\"Shipping State\">\n<option value=''>Veuillez s\u00e9lectionner votre pays<\/option><option value='AL'>Alabama<\/option>\n<option value='AK'>Alaska<\/option>\n<option value='AS'>Samoa am\u00e9ricaines<\/option>\n<option value='AZ'>Arizona<\/option>\n<option value='AR'>Arkansas<\/option>\n<option value='CA'>Californie<\/option>\n<option value='CO'>Colorado<\/option>\n<option value='CT'>Connecticut<\/option>\n<option value='DE'>Delaware<\/option>\n<option value='DC'>District de Columbia<\/option>\n<option value='FL'>Floride<\/option>\n<option value='GA'>G\u00e9orgie<\/option>\n<option value='GU'>Guam<\/option>\n<option value='HI'>Hawa\u00ef<\/option>\n<option value='ID'>Idaho<\/option>\n<option value='IL'>Illinois<\/option>\n<option value='IN'>Indiana<\/option>\n<option value='IA'>Iowa<\/option>\n<option value='KS'>Kansas<\/option>\n<option value='KY'>Kentucky<\/option>\n<option value='LA'>Louisiane<\/option>\n<option value='ME'>Maine<\/option>\n<option value='MD'>Maryland<\/option>\n<option value='MA'>Massachusetts<\/option>\n<option value='MI'>Michigan<\/option>\n<option value='MN'>Minnesota<\/option>\n<option value='MS'>Mississippi<\/option>\n<option value='MO'>Missouri<\/option>\n<option value='MT'>Montana<\/option>\n<option value='NE'>Nebraska<\/option>\n<option value='NV'>Nevada<\/option>\n<option value='NH'>New Hampshire<\/option>\n<option value='NJ'>New Jersey<\/option>\n<option value='NM'>Nouveau Mexique<\/option>\n<option value='NY'>New York (en anglais)<\/option>\n<option value='NC'>Caroline du Nord<\/option>\n<option value='ND'>Dakota du Nord<\/option>\n<option value='MP'>Mariannes du Nord (\u00celes)<\/option>\n<option value='OH'>Ohio<\/option>\n<option value='OK'>Oklahoma<\/option>\n<option value='OR'>Oregon<\/option>\n<option value='PA'>Pennsylvanie<\/option>\n<option value='PR'>Porto Rico<\/option>\n<option value='RI'>Rhode Island<\/option>\n<option value='SC'>Caroline du Sud<\/option>\n<option value='SD'>Dakota du Sud<\/option>\n<option value='TN'>Tennessee<\/option>\n<option value='TX'>Texas<\/option>\n<option value='UM'>\u00celes mineures \u00e9loign\u00e9es des \u00c9tats-Unis<\/option>\n<option value='UT'>Utah<\/option>\n<option value='VT'>Vermont<\/option>\n<option value='VI'>\u00celes Vierges<\/option>\n<option value='VA'>Virginie<\/option>\n<option value='WA'>Washington<\/option>\n<option value='WV'>Virginie occidentale<\/option>\n<option value='WI'>Wisconsin<\/option>\n<option value='WY'>Wyoming<\/option>\n<option value='-1'>Autres...<\/option>\n<\/select>\n<input type='text' id='mm_field_shipping_state' name='mm_field_shipping_state' value='' class='mm-textField' placeholder=\"\u00c9tat d&#039;exp\u00e9dition\" style='display:none;' \/>\n<\/div>\r\n<\/div>\r\n<div class=\"col-sm-4\">\r\n<div class=\"mm-formField\"><label>Zip :<\/label>\r\n<input type='text' id='mm_field_shipping_zip' name='mm_field_shipping_zip' value='' class='mm-textField' placeholder=\"Code postal d&#039;exp\u00e9dition\" \/>\n<\/div>\r\n<\/div>\r\n<\/div>\r\n<div class=\"mm-formField\"><label>Pays :<\/label>\r\n<select id='mm_field_shipping_country' name='mm_field_shipping_country' onchange=\"mmjs.countryChangeHandler('shipping');\" class=\"mm-selectList\" >\n<option value='US' selected>\u00c9tats-Unis<\/option>\n<\/select>\n<\/div>\r\n<\/div>\r\n<\/div>\n\r\n\r\n<\/div>\r\n<\/div>\n\r\n\r\n<div style=\"display:none;\">\n\r\n<div id=\"mm-coupon-block\" class=\"mm-couponSection mm-checkoutInfoBlock\">\r\n<h3>Coupons<\/h3>\r\n<div class=\"mm-formField\"><input type='text' id='mm_field_coupon_code' name='mm_field_coupon_code' value='' onkeydown='return mmjs.couponCheck(event);' class='mm-textField' placeholder=\"Saisir le code de coupon\" \/>\n\r\n<a class=\"mm-button\" href=\"javascript:mmjs.applyCoupon();\">Appliquer le coupon<\/a><\/div>\r\n<span id=\"mm_label_coupon_success\" class=\"mm-couponSuccessMessage\" style=\"display:none\"><\/span>\r\n<span id=\"mm_label_coupon_error\" class=\"mm-couponErrorMessage\" style=\"display:none\"><\/span>\r\n\r\n<\/div>\r\n<\/div>\n\r\n\r\n\r\n<div class=\"mm-purchaseSection\">\r\n<div id=\"checkout-buttons\" class=\"mm-paymentbuttons\"><p><a href=\"javascript: mmjs.checkout(true);\" class=\"mm-button large green\" style=\"width:160px; text-align:center;\">Commande compl\u00e8te<\/a><\/p><\/div>\r\n<p class=\"checkout-terms\">En cliquant sur \"Terminer la commande\", vous acceptez nos conditions d'utilisation. <a href=\"\/terms-of-use\/\" target=\"_blank\" rel=\"noopener noreferrer\">Conditions d'utilisation<\/a>.<\/p>\r\n<p class=\"checkout-security\">Cette page de paiement est s\u00e9curis\u00e9e par un cryptage SSL.<\/p>\r\n\r\n<\/div>\r\n<\/div>\r\n<input type='hidden' id='mm_field_phone_override' name='mm_field_phone_override' value='' \/>\n<div style=\"border: 0 none; height: 0; width: 0; padding: 0; margin: 0; overflow: hidden;\"><input type=\"submit\" tabindex=\"-1\"\/><\/div>\n<input type='hidden' id='mm_submission_mutex' name='mm_submission_mutex' value='y52ewsfrzz' \/><input type=\"hidden\" name=\"trp-form-language\" value=\"fr\"\/><\/form>\n<script>\njQuery(function() {\nmmjs.toggleShippingInfo();\nmmjs.toggleGiftSection(false);\nmmjs.shippingMethodChangeHandler();\nmmjs.discountChangeHandler(mmjs.formatMoney(\"0.00\"));\nmmjs.addSubmitDependency('captcha',mmjs.captchaTokenRequest);\njQuery('#mm_field_payment_service').val('');\n});\nvar mm_nonce_name_checkout_form = 'mm-security';\n<\/script>\n\r\n\r\n<\/div>\r\n<\/div>","protected":false},"excerpt":{"rendered":"","protected":false},"author":1,"featured_media":0,"parent":0,"menu_order":0,"comment_status":"closed","ping_status":"closed","template":"template-checkout.php","meta":{"_acf_changed":false,"footnotes":""},"class_list":["post-25","page","type-page","status-publish","hentry"],"acf":[],"_links":{"self":[{"href":"https:\/\/makingjusticework.org\/fr\/wp-json\/wp\/v2\/pages\/25","targetHints":{"allow":["GET"]}}],"collection":[{"href":"https:\/\/makingjusticework.org\/fr\/wp-json\/wp\/v2\/pages"}],"about":[{"href":"https:\/\/makingjusticework.org\/fr\/wp-json\/wp\/v2\/types\/page"}],"author":[{"embeddable":true,"href":"https:\/\/makingjusticework.org\/fr\/wp-json\/wp\/v2\/users\/1"}],"replies":[{"embeddable":true,"href":"https:\/\/makingjusticework.org\/fr\/wp-json\/wp\/v2\/comments?post=25"}],"version-history":[{"count":33,"href":"https:\/\/makingjusticework.org\/fr\/wp-json\/wp\/v2\/pages\/25\/revisions"}],"predecessor-version":[{"id":851,"href":"https:\/\/makingjusticework.org\/fr\/wp-json\/wp\/v2\/pages\/25\/revisions\/851"}],"wp:attachment":[{"href":"https:\/\/makingjusticework.org\/fr\/wp-json\/wp\/v2\/media?parent=25"}],"curies":[{"name":"wp","href":"https:\/\/api.w.org\/{rel}","templated":true}]}}