{"id":26,"date":"2022-02-12T16:29:56","date_gmt":"2022-02-12T15:29:56","guid":{"rendered":""},"modified":"-0001-11-30T00:00:00","modified_gmt":"-0001-11-29T22:00:00","slug":"echanger-un-cadeau","status":"publish","type":"page","link":"https:\/\/makingjusticework.org\/fr\/redeem-gift\/","title":{"rendered":"\u00c9changer le cadeau"},"content":{"rendered":"<div class=\"mm-checkoutContainer\">\n\n                                        <script src=\"https:\/\/www.google.com\/recaptcha\/api.js?render=6LftB2sqAAAAAOlTqRXmqHYlU_SQGquaeF1PyrhJ\"><\/script>\n                                  <form id='mm_checkout_form' name='mm_checkout_form' action='https:\/\/makingjusticework.org\/wp-content\/plugins\/membermouse\/api\/processOrder.php' onsubmit=\"return mmjs.checkout(true);\" method='post' data-trp-original-action=\"https:\/\/makingjusticework.org\/wp-content\/plugins\/membermouse\/api\/processOrder.php\"><input type='hidden' id='mm_membership_level_id' name='mm_membership_level_id' value='3' \/><input type='hidden' id='mm_product_id' name='mm_product_id' value='0' \/><input type='hidden' id='mm_is_member' name='mm_is_member' value='0' \/><input type='hidden' id='mm_is_free' name='mm_is_free' value='1' \/><input type='hidden' id='mm_is_gift' name='mm_is_gift' value='0' \/><input type='hidden' id='mm_is_shippable' name='mm_is_shippable' value='0' \/><input type='hidden' id='mm_checkout_url' name='mm_checkout_url' value='https:\/\/makingjusticework.org\/fr\/wp-json\/wp\/v2\/pages\/26' \/><input type='hidden' id='mm_field_payment_service' name='mm_field_payment_service' \/><input type='hidden' id='mm_field_billing_equals_shipping' name='mm_field_billing_equals_shipping' value='1' \/><input type='hidden' id='mm_is_admin' value='0' \/><input type='hidden' id='mm_is_customer_support_order' name='mm_is_customer_support_order' value='0' \/><input type='hidden' id='mm_data_product_price' value='$0.00' \/><input type='hidden' id='mm_data_shipping_price' value='0' \/><input type='hidden' id='mm_data_discount' value='0' \/><input type='hidden' id='mm_do_comp' value='0' \/><input type='hidden' id='hasFormSubmitted' value='' \/><input type='hidden' id='mm_grsk' value='6LftB2sqAAAAAOlTqRXmqHYlU_SQGquaeF1PyrhJ' \/><input type='hidden' id='mm_grtok' name='mm_grtoken' value='' \/><input type='hidden' id='mm_graction' name='mm_graction' value='mmcheckout' \/>\n\n\t<div class=\"mm_left_column\">\n\t\t<div >\n\n\t\t<div id=\"mm-account-information-section\" class=\"mm-checkoutInfoBlock\">\n\t\t\t<h3>Informations sur le compte<\/h3>\n\t\t\t<p class=\"mm-formField\">\n\t\t\t\t<label>Pr\u00e9nom :<\/label>\n\t\t\t\t<input type='text' id='mm_field_first_name' name='mm_field_first_name' value='' class='mm-textField' placeholder=\"Pr\u00e9nom\" \/>\n\n\t\t\t<\/p>\n\t\t\t<p class=\"mm-formField\">\n\t\t\t\t<label>Nom de famille :<\/label>\n\t\t\t\t<input type='text' id='mm_field_last_name' name='mm_field_last_name' value='' class='mm-textField' placeholder=\"Nom de famille\" \/>\n \n\t\t\t<\/p>\n\t\t\t<p class=\"mm-formField\">\n\t\t\t\t<label>Courriel :<\/label>\n\t\t\t\t<input type='text' id='mm_field_email' name='mm_field_email' value='' class='mm-textField' placeholder=\"Adresse \u00e9lectronique\" \/>\n \n\t\t\t<\/p>\n\t\t\t<p class=\"mm-formField\">\n\t\t\t\t<label>Mot de passe :<\/label>\n\t\t\t\t<input type='password' autocomplete='off' id='mm_field_password' name='mm_field_password' class='mm-textField'  placeholder=\"Mot de passe\" \/>\n \n\t\t\t<\/p>\n\t\t\t<p class=\"mm-formField\">\n\t\t\t\t<label>T\u00e9l\u00e9phone :<\/label>\n\t\t\t\t<input type='text' onkeydown=\"return mmjs.onlyNumbers(event,'phone')\" id='mm_field_phone' name='mm_field_phone' value='' class='mm-textField' placeholder=\"Num\u00e9ro de t\u00e9l\u00e9phone\" \/>\n \n\t\t\t<\/p>\n\t\t<\/div>\n\t\t<\/div>\n\t\t\n\t\t\n\t\t<div style=\"display:none;\">\n\n\t\t<div id=\"mm-coupon-block\" class=\"mm-couponSection mm-checkoutInfoBlock\">\n\n\t\t\t<h3>Code cadeau<\/h3>\n\t\t\t<p class=\"mm-formField\"> \n\t\t\t\t<input type='text' id='mm_field_coupon_code' name='mm_field_coupon_code' value='' onkeydown='return mmjs.couponCheck(event);' class='mm-textField'  \/>\n \n\t\t\t\t<a href=\"javascript:mmjs.applyCoupon();\" class=\"mm-button\">Appliquer le code cadeau<\/a>\n\t\t\t<\/p>\n\t\t\t\t\n\t\t\t<span id=\"mm_label_coupon_success\" class=\"mm-couponSuccessMessage\" style=\"display:none\"><\/span>\n\t\t\t<span id=\"mm_label_coupon_error\" class=\"mm-couponErrorMessage\" style=\"display:none\"><\/span>  \n\t\t<\/div>\n\t\t<\/div>\n\n\t<\/div>\n\t<div class=\"mm_right_column\">\n\t\t<div class=\"mm-checkoutSection2\">\n\t\t\t<h2><span class=\"mm-data\">Adh\u00e9sion \u00e0 la CCPI<\/span>\n<\/h2>\n\t\t\t<p class=\"mm-productDesc\"><span class=\"mm-data\"><\/span>\n<\/p>\n\t\t<\/div>\n\t\t<div class=\"mm-purchaseSection\">\n\t\t\t<div id=\"mm-discount-info-block-0\" style=\"display:none;\" class=\"mm-discount-true\">\n\t\t\t\t<a href=\"javascript:mmjs.checkout(true);\" class=\"mm-button large green\">\u00c9changer le cadeau<\/a>\n\t\t\t<\/div>\n\t\t\t<div id=\"mm-discount-info-block-1\" style=\"display:none;\" class=\"mm-discount-false\">\n\t\t\t\t<em>Saisissez un code cadeau valide pour \u00e9changer votre cadeau<\/em>\n\t\t\t<\/div>\n\t\t<\/div>\n\t<\/div>\n\t\n\t \n\t \n\t\n\t \n\t \n\t \n\t \n\t \n\t \n\t \n\t\n<input type='hidden' id='mm_field_phone_override' name='mm_field_phone_override' value='' \/>\n<input type='hidden' id='mm_field_billing_address_override' name='mm_field_billing_address_override' value='' \/>\n<input type='hidden' id='mm_field_billing_city_override' name='mm_field_billing_city_override' value='' \/>\n<input type='hidden' id='mm_field_billing_state_override' name='mm_field_billing_state_override' value='' \/>\n<input type='hidden' id='mm_field_billing_zip_override' name='mm_field_billing_zip_override' value='' \/>\n<input type='hidden' id='mm_field_billing_country_override' name='mm_field_billing_country_override' value='' \/>\n<input type='hidden' id='mm_field_shipping_address_override' name='mm_field_shipping_address_override' value='' \/>\n<input type='hidden' id='mm_field_shipping_city_override' name='mm_field_shipping_city_override' value='' \/>\n<input type='hidden' id='mm_field_shipping_state_override' name='mm_field_shipping_state_override' value='' \/>\n<input type='hidden' id='mm_field_shipping_zip_override' name='mm_field_shipping_zip_override' value='' \/>\n<input type='hidden' id='mm_field_shipping_country_override' name='mm_field_shipping_country_override' value='' \/>\n<input type='hidden' id='mm_field_phone_optional' name='mm_field_phone_optional' \/>\n<div style=\"border: 0 none; height: 0; width: 0; padding: 0; margin: 0; overflow: hidden;\"><input type=\"submit\" tabindex=\"-1\"\/><\/div>\n<input type='hidden' id='mm_submission_mutex' name='mm_submission_mutex' value='5rt15addra' \/><input type=\"hidden\" name=\"trp-form-language\" value=\"fr\"\/><\/form>\n<script>\njQuery(function() {\nmmjs.toggleShippingInfo();\nmmjs.toggleGiftSection(false);\nmmjs.shippingMethodChangeHandler();\nmmjs.discountChangeHandler(mmjs.formatMoney(\"0.00\"));\nmmjs.addSubmitDependency('captcha',mmjs.captchaTokenRequest);\njQuery('#mm_field_payment_service').val('');\n});\nvar mm_nonce_name_checkout_form = 'mm-security';\n<\/script>\n\n<\/div>","protected":false},"excerpt":{"rendered":"","protected":false},"author":1,"featured_media":0,"parent":0,"menu_order":0,"comment_status":"open","ping_status":"open","template":"","meta":{"_acf_changed":false,"footnotes":""},"class_list":["post-26","page","type-page","status-publish","hentry"],"acf":[],"_links":{"self":[{"href":"https:\/\/makingjusticework.org\/fr\/wp-json\/wp\/v2\/pages\/26","targetHints":{"allow":["GET"]}}],"collection":[{"href":"https:\/\/makingjusticework.org\/fr\/wp-json\/wp\/v2\/pages"}],"about":[{"href":"https:\/\/makingjusticework.org\/fr\/wp-json\/wp\/v2\/types\/page"}],"author":[{"embeddable":true,"href":"https:\/\/makingjusticework.org\/fr\/wp-json\/wp\/v2\/users\/1"}],"replies":[{"embeddable":true,"href":"https:\/\/makingjusticework.org\/fr\/wp-json\/wp\/v2\/comments?post=26"}],"version-history":[{"count":0,"href":"https:\/\/makingjusticework.org\/fr\/wp-json\/wp\/v2\/pages\/26\/revisions"}],"wp:attachment":[{"href":"https:\/\/makingjusticework.org\/fr\/wp-json\/wp\/v2\/media?parent=26"}],"curies":[{"name":"wp","href":"https:\/\/api.w.org\/{rel}","templated":true}]}}