{"id":28,"date":"2022-02-12T16:29:56","date_gmt":"2022-02-12T16:29:56","guid":{"rendered":""},"modified":"2022-02-13T16:16:40","modified_gmt":"2022-02-13T16:16:40","slug":"confirmation","status":"publish","type":"page","link":"https:\/\/makingjusticework.org\/fr\/confirmation\/","title":{"rendered":"Confirmation"},"content":{"rendered":"<h5 class=\"bold\"><i class=\"fa fa-lock icon-left\"><\/i> Identifiants de connexion<\/h5>\r\n<table class=\"table table-invoice\">\r\n\t<tr>\r\n\t\t<th>Nom d'utilisateur :<\/th>\r\n\t\t<td><\/td>\r\n\t<\/tr>\r\n\t<tr>\r\n\t\t<th>Mot de passe :<\/th>\r\n\t\t<td><em>Cach\u00e9 \u00e0 des fins de s\u00e9curit\u00e9<\/em><\/td>\r\n\t<\/tr>\t\r\n<\/table>\r\n<p>* Please check your Spam folder if you didn't receive the welcome email.<\/p>\r\n\r\n<div class=\"print-area\" id=\"order-details\">\r\n<h5 class=\"bold\"><i class=\"fa fa-file-text-o icon-left\"><\/i> D\u00e9tails de la commande<\/h5>\r\n<table class=\"table table-invoice\">\r\n\t<tr>\r\n\t\t<th>Nom :<\/th>\r\n\t\t<td> <\/td>\r\n\t<\/tr>\r\n\t<tr>\r\n\t\t<th>Adresse de facturation :<\/th>\r\n\t\t<td>\r\n\t\t<br \/>\r\n\t\t,  <br \/>\r\n\t\t<br \/>\r\n\t\t<\/td>\r\n\t<\/tr>\t\r\n<\/table>\r\n\r\n\r\n\r\n<\/div>","protected":false},"excerpt":{"rendered":"<p>Login Credentials Username: Password: Hidden for security purposes * Please check your Spam folder if you didn&#8217;t receive the welcome email. Order Details Name: Billing&hellip;<\/p>","protected":false},"author":1,"featured_media":0,"parent":0,"menu_order":0,"comment_status":"open","ping_status":"open","template":"template-confirmation.php","meta":{"_acf_changed":false,"footnotes":""},"class_list":["post-28","page","type-page","status-publish","hentry"],"acf":[],"_links":{"self":[{"href":"https:\/\/makingjusticework.org\/fr\/wp-json\/wp\/v2\/pages\/28","targetHints":{"allow":["GET"]}}],"collection":[{"href":"https:\/\/makingjusticework.org\/fr\/wp-json\/wp\/v2\/pages"}],"about":[{"href":"https:\/\/makingjusticework.org\/fr\/wp-json\/wp\/v2\/types\/page"}],"author":[{"embeddable":true,"href":"https:\/\/makingjusticework.org\/fr\/wp-json\/wp\/v2\/users\/1"}],"replies":[{"embeddable":true,"href":"https:\/\/makingjusticework.org\/fr\/wp-json\/wp\/v2\/comments?post=28"}],"version-history":[{"count":1,"href":"https:\/\/makingjusticework.org\/fr\/wp-json\/wp\/v2\/pages\/28\/revisions"}],"predecessor-version":[{"id":36,"href":"https:\/\/makingjusticework.org\/fr\/wp-json\/wp\/v2\/pages\/28\/revisions\/36"}],"wp:attachment":[{"href":"https:\/\/makingjusticework.org\/fr\/wp-json\/wp\/v2\/media?parent=28"}],"curies":[{"name":"wp","href":"https:\/\/api.w.org\/{rel}","templated":true}]}}