{"id":3,"date":"2022-02-04T18:09:20","date_gmt":"2022-02-04T18:09:20","guid":{"rendered":"http:\/\/makingjusticework.org\/?page_id=3"},"modified":"2024-12-18T09:29:36","modified_gmt":"2024-12-18T16:29:36","slug":"politique-de-confidentialite","status":"publish","type":"page","link":"https:\/\/makingjusticework.org\/fr\/privacy-policy\/","title":{"rendered":"Politique de confidentialit\u00e9"},"content":{"rendered":"<h1>Politique de confidentialit\u00e9<\/h1>\r\n\r\n<p><strong>Date d'entr\u00e9e en vigueur :<\/strong> 18 d\u00e9cembre 2024<\/p>\r\n<p><strong>Derni\u00e8re mise \u00e0 jour :<\/strong> 18 d\u00e9cembre 2024<\/p>\r\n\r\n<p><strong>Coalition pour la Cour p\u00e9nale internationale c\/o Women's Initiatives for Gender Justice<\/strong> (\"nous\", \"notre\" ou \"nos\") exploite le site web <a href=\"https:\/\/coalitionfortheicc.org\">coalitionfortheicc.org<\/a> et sa plateforme d'adh\u00e9sion (le \"service\"). La pr\u00e9sente politique de confidentialit\u00e9 explique comment nous recueillons, utilisons, divulguons et prot\u00e9geons vos informations lorsque vous utilisez notre service, y compris les cours, les \u00e9v\u00e9nements, les interactions avec la communaut\u00e9 et les autres fonctions offertes par la plateforme.<\/p>\r\n\r\n<h2>Adresse<\/h2>\r\n<p>Regus, Parkstraat 83,<br>\r\nDen Haag 2514 JG,<br>\r\nLes Pays-Bas<\/p>\r\n<p><strong>Courriel de contact :<\/strong> <a href=\"mailto:communications@coalitionfortheicc.org\">communications@coalitionfortheicc.org<\/a><\/p>\r\n\r\n<hr>\r\n\r\n<h2>1. D\u00e9finitions<\/h2>\r\n<ul>\r\n    <li><strong>Service :<\/strong> Le site web <a href=\"https:\/\/coalitionfortheicc.org\">coalitionfortheicc.org<\/a> et toutes les caract\u00e9ristiques de la plate-forme qui y sont associ\u00e9es.<\/li>\r\n    <li><strong>Donn\u00e9es personnelles :<\/strong> Les informations qui identifient ou peuvent \u00eatre utilis\u00e9es pour identifier une personne, telles que les noms, les adresses \u00e9lectroniques, les num\u00e9ros de t\u00e9l\u00e9phone et les adresses IP.<\/li>\r\n    <li><strong>Donn\u00e9es d'utilisation :<\/strong> Informations sur l'acc\u00e8s au service et son utilisation, y compris l'adresse IP, le type de navigateur, les informations sur l'appareil et les journaux d'activit\u00e9.<\/li>\r\n    <li><strong>Cookies :<\/strong> Petits fichiers stock\u00e9s sur votre appareil pour am\u00e9liorer l'exp\u00e9rience de l'utilisateur, suivre l'activit\u00e9 et personnaliser le contenu.<\/li>\r\n    <li><strong>Contr\u00f4leur de donn\u00e9es :<\/strong> Coalition pour la Cour p\u00e9nale internationale c\/o Women's Initiatives for Gender Justice.<\/li>\r\n<\/ul>\r\n\r\n<h2>2. Les informations que nous collectons<\/h2>\r\n<ul>\r\n    <li><strong>Donn\u00e9es personnelles :<\/strong> Les informations que vous nous fournissez directement, telles que votre nom, votre adresse \u00e9lectronique, votre num\u00e9ro de t\u00e9l\u00e9phone, vos informations de paiement et toute autre donn\u00e9e pertinente pour les services offerts.<\/li>\r\n    <li><strong>Donn\u00e9es d'utilisation :<\/strong> Informations collect\u00e9es automatiquement, telles que l'adresse IP, le type de navigateur, les informations relatives \u00e0 l'appareil et les journaux d'activit\u00e9.<\/li>\r\n<\/ul>\r\n\r\n<h2>3. Base juridique du traitement<\/h2>\r\n<p>Pour les r\u00e9sidents de l'EEE :<\/p>\r\n<ul>\r\n    <li><strong>N\u00e9cessit\u00e9 contractuelle :<\/strong> Traitement n\u00e9cessaire \u00e0 l'ex\u00e9cution d'un contrat avec vous.<\/li>\r\n    <li><strong>Consentement :<\/strong> Traitement bas\u00e9 sur votre consentement explicite, en particulier pour les communications marketing.<\/li>\r\n    <li><strong>Int\u00e9r\u00eats l\u00e9gitimes :<\/strong> Traitement \u00e0 des fins telles que l'am\u00e9lioration des services, \u00e0 condition qu'il n'aille pas \u00e0 l'encontre de vos droits.<\/li>\r\n    <li><strong>Obligations l\u00e9gales :<\/strong> Traitement n\u00e9cessaire au respect d'obligations l\u00e9gales.<\/li>\r\n<\/ul>\r\n<p>Pour les non-r\u00e9sidents de l'EEE : Nous nous conformons \u00e9galement aux lois sur la protection des donn\u00e9es en vigueur aux \u00c9tats-Unis et dans d'autres juridictions, le cas \u00e9ch\u00e9ant.<\/p>\r\n\r\n<h2>4. Utilisation des donn\u00e9es<\/h2>\r\n<p>Nous utilisons les donn\u00e9es collect\u00e9es pour :<\/p>\r\n<ul>\r\n    <li>Fournir et maintenir notre service, y compris l'acc\u00e8s aux membres et le contenu personnalis\u00e9.<\/li>\r\n    <li>Am\u00e9liorer l'exp\u00e9rience de l'utilisateur en analysant l'utilisation du service et les pr\u00e9f\u00e9rences.<\/li>\r\n    <li>Communiquer avec vous, y compris le support client et les notifications concernant les mises \u00e0 jour des services.<\/li>\r\n    <li>Traitez les paiements et g\u00e9rez les abonnements en toute s\u00e9curit\u00e9.<\/li>\r\n    <li>Envoyer du mat\u00e9riel promotionnel et des mises \u00e0 jour, lorsque le consentement a \u00e9t\u00e9 donn\u00e9.<\/li>\r\n    <li>Assurer la s\u00e9curit\u00e9 et pr\u00e9venir la fraude.<\/li>\r\n    <li>Respecter les obligations l\u00e9gales et prot\u00e9ger nos droits.<\/li>\r\n<\/ul>\r\n\r\n<h2>5. Conservation des donn\u00e9es<\/h2>\r\n<p>Nous ne conservons les donn\u00e9es personnelles qu'aussi longtemps que n\u00e9cessaire aux fins d\u00e9crites dans la pr\u00e9sente politique de protection de la vie priv\u00e9e ou que la loi l'exige. Les donn\u00e9es d'utilisation sont g\u00e9n\u00e9ralement stock\u00e9es pendant une p\u00e9riode plus courte et utilis\u00e9es \u00e0 des fins d'analyse interne, de s\u00e9curit\u00e9 et d'am\u00e9lioration des services.<\/p>\r\n\r\n<h2>6. Transferts de donn\u00e9es<\/h2>\r\n<p>Vos informations peuvent \u00eatre transf\u00e9r\u00e9es et conserv\u00e9es sur des serveurs situ\u00e9s en dehors de votre pays, o\u00f9 les lois sur la protection des donn\u00e9es peuvent diff\u00e9rer. En utilisant notre service, vous consentez \u00e0 de tels transferts avec des garanties telles que :<\/p>\r\n<ul>\r\n    <li><strong>Clauses contractuelles types :<\/strong> Assurer une protection ad\u00e9quate des transferts de donn\u00e9es entre l'UE et les pays tiers.<\/li>\r\n    <li><strong>Cadre du bouclier de protection de la vie priv\u00e9e :<\/strong> Le cas \u00e9ch\u00e9ant, se conformer aux cadres reconnus.<\/li>\r\n<\/ul>\r\n\r\n<h2>7. Partage et divulgation des donn\u00e9es<\/h2>\r\n<p>Nous pouvons partager vos donn\u00e9es avec<\/p>\r\n<ul>\r\n    <li><strong>Fournisseurs de services :<\/strong> Pour des t\u00e2ches telles que le traitement des paiements, l'envoi de courriels et l'h\u00e9bergement.<\/li>\r\n    <li><strong>Conformit\u00e9 juridique :<\/strong> Respecter les obligations l\u00e9gales ou prot\u00e9ger nos droits.<\/li>\r\n    <li><strong>Transferts d'entreprise :<\/strong> lors de fusions, de ventes ou d'acquisitions.<\/li>\r\n    <li><strong>Affili\u00e9s et partenaires :<\/strong> Avec votre consentement ou si cela est n\u00e9cessaire pour le service.<\/li>\r\n<\/ul>\r\n\r\n<h2>8. Vos droits en mati\u00e8re de protection de la vie priv\u00e9e<\/h2>\r\n<p><strong>Pour les r\u00e9sidents de l'EEE :<\/strong><\/p>\r\n<ul>\r\n    <li>Acc\u00e9der \u00e0 vos donn\u00e9es personnelles.<\/li>\r\n    <li>Demander la correction de donn\u00e9es inexactes.<\/li>\r\n    <li>Demander la suppression de vos donn\u00e9es personnelles.<\/li>\r\n    <li>S'opposer au traitement de vos donn\u00e9es personnelles.<\/li>\r\n    <li>Demander la limitation du traitement.<\/li>\r\n    <li>Recevoir vos donn\u00e9es dans un format structur\u00e9 (portabilit\u00e9 des donn\u00e9es).<\/li>\r\n    <li>Retirer son consentement \u00e0 tout moment.<\/li>\r\n<\/ul>\r\n<p>Pour exercer ces droits, contactez-nous \u00e0 l'adresse suivante <a href=\"mailto:communications@coalitionfortheicc.org\">communications@coalitionfortheicc.org<\/a>.<\/p>\r\n\r\n<h2>9. S\u00e9curit\u00e9<\/h2>\r\n<p>Nous utilisons des mesures techniques et organisationnelles appropri\u00e9es pour prot\u00e9ger vos donn\u00e9es. Toutefois, aucune m\u00e9thode de transmission sur Internet ou de stockage \u00e9lectronique n'est 100% s\u00fbre.<\/p>\r\n\r\n<h2>10. \"Signaux \"Do Not Track<\/h2>\r\n<p>Notre service ne r\u00e9pond pas aux signaux \"Do Not Track\". Pour plus de d\u00e9tails, consultez notre politique en mati\u00e8re de cookies.<\/p>\r\n\r\n<h2>11. Vie priv\u00e9e des enfants<\/h2>\r\n<p>Notre service ne s'adresse pas aux personnes de moins de 18 ans et nous ne collectons pas sciemment de donn\u00e9es personnelles aupr\u00e8s d'enfants. Si vous avez connaissance de telles donn\u00e9es, veuillez nous contacter pour les supprimer.<\/p>\r\n\r\n<h2>12. Modifications de la pr\u00e9sente politique de protection de la vie priv\u00e9e<\/h2>\r\n<p>Nous pouvons mettre \u00e0 jour la pr\u00e9sente politique de confidentialit\u00e9 p\u00e9riodiquement. Les modifications sont effectives d\u00e8s leur publication. Les modifications importantes seront communiqu\u00e9es par courrier \u00e9lectronique ou par un avis sur notre service.<\/p>\r\n\r\n<h2>13. Nous contacter<\/h2>\r\n<p>Si vous avez des questions concernant cette politique de confidentialit\u00e9, contactez-nous :<\/p>\r\n<p>Courriel : <a href=\"mailto:communications@coalitionfortheicc.org\">communications@coalitionfortheicc.org<\/a><\/p>\r\n<p>Adresse :<br>\r\n<strong>Coalition pour la Cour p\u00e9nale internationale c\/o Women's Initiatives for Gender Justice","protected":false},"excerpt":{"rendered":"<p>Politique de confidentialit\u00e9 Date d'entr\u00e9e en vigueur : 18 d\u00e9cembre 2024 Derni\u00e8re mise \u00e0 jour : 18 d\u00e9cembre 2024 Coalition pour la Cour p\u00e9nale internationale c\/o Women's Initiatives for Gender Justice (\"nous\",...<\/p>","protected":false},"author":1,"featured_media":0,"parent":0,"menu_order":0,"comment_status":"closed","ping_status":"open","template":"","meta":{"_acf_changed":false,"footnotes":""},"class_list":["post-3","page","type-page","status-publish","hentry"],"acf":[],"_links":{"self":[{"href":"https:\/\/makingjusticework.org\/fr\/wp-json\/wp\/v2\/pages\/3","targetHints":{"allow":["GET"]}}],"collection":[{"href":"https:\/\/makingjusticework.org\/fr\/wp-json\/wp\/v2\/pages"}],"about":[{"href":"https:\/\/makingjusticework.org\/fr\/wp-json\/wp\/v2\/types\/page"}],"author":[{"embeddable":true,"href":"https:\/\/makingjusticework.org\/fr\/wp-json\/wp\/v2\/users\/1"}],"replies":[{"embeddable":true,"href":"https:\/\/makingjusticework.org\/fr\/wp-json\/wp\/v2\/comments?post=3"}],"version-history":[{"count":4,"href":"https:\/\/makingjusticework.org\/fr\/wp-json\/wp\/v2\/pages\/3\/revisions"}],"predecessor-version":[{"id":969,"href":"https:\/\/makingjusticework.org\/fr\/wp-json\/wp\/v2\/pages\/3\/revisions\/969"}],"wp:attachment":[{"href":"https:\/\/makingjusticework.org\/fr\/wp-json\/wp\/v2\/media?parent=3"}],"curies":[{"name":"wp","href":"https:\/\/api.w.org\/{rel}","templated":true}]}}